{"id":26465,"date":"2025-04-25T19:35:19","date_gmt":"2025-04-25T17:35:19","guid":{"rendered":"https:\/\/www.camporesi-records.ch\/?post_type=product&#038;p=26465"},"modified":"2025-08-17T16:13:33","modified_gmt":"2025-08-17T14:13:33","slug":"flame-dream-silent-transition-2-lp-gatefold-und-mit-zusaetzlichem-cover-mit-unterschriften-der-band","status":"publish","type":"product","link":"https:\/\/www.camporesi-records.ch\/en\/shop\/rock-en\/progessive-rock-en\/flame-dream-silent-transition-2-lp-gatefold-und-mit-zusaetzlichem-cover-mit-unterschriften-der-band\/","title":{"rendered":"Flame Dream &#8211; Silent Transition &#8211; 2 LP &#8211; Gatefold und mit zus\u00e4tzlichem Cover mit Unterschriften der Band!"},"content":{"rendered":"<p><strong>Bezahlung:<\/strong> Twint oder IBAN, Paypal wird in der Schweiz aufgrund der anfallenden Geb\u00fchren nicht akzeptiert. Ansonsten k\u00f6nnten wir die LP nicht so g\u00fcnstig anbieten. <\/p>\n<p><strong>Diverses:<\/strong> <span style=\"color: #ff0000;\">with additional Cover with signatures from the Band &#8211; <span style=\"color: #000000;\">zus\u00e4tzliches Cover mit Unterschriften, LP bleibt sealed! <span style=\"color: #ff0000;\"><strong>solange Vorrat &#8211; while stocks last!<\/strong><\/span><\/span><\/span><\/p>\n<p><strong><span style=\"color: #ff0000;\">Flame Dream Special:<\/span> <span style=\"color: #000000;\">Du kannst w\u00fcnschen, wo du die Unterschriften m\u00f6chtest. <span style=\"color: #ff0000;\">you can choose where you want the signatures!<\/span><\/span><\/strong><\/p>\n<p><span style=\"color: #000000;\"><strong>Frontcover, Cover Innenseite oder R\u00fcckseite Cover. Bitte bei der Bestellung angeben. Danke \ud83d\ude42 <span style=\"color: #ff0000;\">front cover, inside cover, back cover, please specify when ordering!<\/span>  <\/strong><\/span><\/p>\n<p><strong>Diverses: <\/strong>2 LP black vinyl 180 g &#8211; Gatefold<\/p>\n<p>Almost 40 years after the end of the band, Flame Dream have reformed with their original line-up. In the early 80s, the band from Lucerne accomplished the feat of bringing the tradition of progressive rock music into the New Wave era, albeit stylistically modernized compared to the 70s sound. This modernization of the classic prog tradition worked particularly well in the case of the 1982 album &#8220;Supervision&#8221;. Few great prog bands managed to bridge the gap between the symphonic, complex bliss of the 70s and the clinical, cold sterility of the 80s in such an appealing way. At some point, however, the bastion of progressive rock on the picturesque shores of Lake Lucerne collapsed due to mainstream arbitrariness. What remained were four very appealing prog albums, one mediocre and one anemic mainstream album.     <\/p>\n<p>Unfortunately, the Swiss band&#8217;s albums have not yet been officially re-released on CD. So far, there have only been illegal reissues of some albums as burned bootleg CDs by the obscure Tachika label in Japan. In 2022, the former band members began preparing the long overdue official CD reissues. &#8220;Elements&#8221;, &#8220;Out In The Dark&#8221; and &#8220;Supervision&#8221; are scheduled for CD reissue in the course of 2024. During the meetings of the four original members, it was fortunately revealed that creative &#8220;vibes&#8221; were obviously still present after four decades, which resulted in the writing and recording of new songs. The creative end result, which was completely unexpected for the prog scene, is now available in the form of a new album entitled &#8220;Silent Transition&#8221;.     <\/p>\n<p>Like a time capsule, the six tracks contained on the album offer all the ingredients of the typical Flame Dream trademarks and catapult the band&#8217;s style from the early 80s directly into the year 2024. This includes, above all, Peter Wolf&#8217;s still bright vocals and Roland Ruckstuhl&#8217;s richly varied keyboards. Already in the brisk opener &#8220;No Comfort Zone&#8221;, the reformed Swiss show in around ten minutes how bulky symphonic rhythms can be combined with a catchy groove. Without denying the roots of the classic prog tradition, the sound has definitely arrived in the modern age. If you are looking for comparable bands, UK, VdGG and Supertramp in a modernized version come to mind. This mixture is also retained in the following title track. While Flame Dream were quite keyboard-heavy on the album &#8220;Out In The Dark&#8221; with the exception of the participation of guitarist Dale Hauskins, the electric guitar of guest musician Alex Hutchings is quite present in 2024. In a shimmering fusion style, this contributes to a transparent sound and gives &#8220;Velvet Clouds&#8221;, for example, an atmospheric note with ornate sound ornaments together with the variable keyboard inserts.       <\/p>\n<p>In the track &#8220;Signal On The Shores&#8221;, the Swiss offer an unusually modern instrumental symphonic rock with an alternation of concise electric guitar and bold synth fanfares. From a purely dramatic point of view, this is the highlight of the album, before &#8220;Winding Paths&#8221; brings a high-quality and unexpected comeback album to a close in winding pathos.<br \/>\nHS\/BBS <\/p>\n<p>Tracklisting:<br \/>\n1. No Comfort Zone (11:27)<br \/>\n2. Silent Transition (12:28)<br \/>\n3. Velvet Clouds (10:30)<br \/>\n4. Out from the Sky (6:26)<br \/>\n5. Signal on the Shores (7:02)<br \/>\n6. Winding Paths (14:56)<br \/>\nTotal Time 62:49<\/p>\n<p>Line-up \/ Musicians<br \/>\n&#8211; Peter &#8220;Pit&#8221; Furrer \/ drums, percussion<br \/>\n&#8211; Urs Hochuli \/ bass<br \/>\n&#8211; Roland Ruckstuhl \/ piano, organ, keyboards, percussion<br \/>\n&#8211; Peter Wolf \/ vocals, flute, saxophones<\/p>\n<p>With:<br \/>\n&#8211; Alex Hutchings \/ 6 string nylon, 12 string, electric guitars<\/p>\n<p>Hinweis:<br \/>\nfolgende Neuver\u00f6ffentlichungen des CD-Backkatalogs als CD-Digi mit 20S. Booklet sind geplant <\/p>\n<p>&#8211; OUT IN THE DARK &#8211; Ende August 2025<\/p>\n<p>&#8211; ELEMENTS &#8211; Mitte November 2025<\/p>\n<p>&#8211; SUPERVISION &#8211; Ende Januar 2026<\/p>\n<p>&#8211; CALATEA &#8211; Ende M\u00e4rz 2026<\/p>\n<p>&nbsp;<\/p>\n<p>&nbsp;<\/p>\n","protected":false},"excerpt":{"rendered":"<div>\n<div>\n<div class=\"head\"><strong><strong>Label:<\/strong><\/strong> 3V3 Records &#8211; 01007 LP<\/div>\n<div class=\"head\"><strong>Format: <\/strong>2 \u00d7 Vinyl, LP, Album, Limited Edition <i><br \/>\n<\/i><\/div>\n<div class=\"head\"><strong>Land: <\/strong>Switzerland<\/div>\n<div class=\"head\"><strong>Ver\u00f6ffentlicht:<\/strong> 2025<\/div>\n<div class=\"head\"><strong><strong>Genre: <\/strong><\/strong>Rock<\/div>\n<div class=\"head\"><strong><strong>Stil: <\/strong><\/strong>Prog. Rock, Symphonic Rock<\/div>\n<\/div>\n<div><\/div>\n<\/div>\n<div class=\"head\"><\/div>\n","protected":false},"featured_media":26656,"comment_status":"open","ping_status":"closed","template":"","meta":[],"product_brand":[],"product_cat":[142,319,144,150,471],"product_tag":[],"class_list":{"0":"post-26465","1":"product","2":"type-product","3":"status-publish","4":"has-post-thumbnail","6":"product_cat-33--rpm-12-en","7":"product_cat-progessive-rock-en","8":"product_cat-rock-en","9":"product_cat-swiss-en","10":"product_cat-symphonic-rock-en","12":"first","13":"instock","14":"sold-individually","15":"shipping-taxable","16":"purchasable","17":"product-type-simple"},"yoast_head":"<!-- This site is optimized with the Yoast SEO plugin v27.3 - https:\/\/yoast.com\/product\/yoast-seo-wordpress\/ -->\n<title>Flame Dream - Silent Transition - 2 LP - Gatefold und mit zus\u00e4tzlichem Cover mit Unterschriften der Band! &#183; camporesi-records<\/title>\n<meta name=\"description\" content=\"Wir verkaufen Schallplatten aus vielen Bereichen wie: Rock, Pop, Progressiv, Psychedelic, The Waterboys \u2013 Fisherman&#039;s Blues\" \/>\n<meta name=\"robots\" content=\"index, follow, max-snippet:-1, max-image-preview:large, max-video-preview:-1\" \/>\n<link rel=\"canonical\" href=\"https:\/\/www.camporesi-records.ch\/en\/shop\/rock-en\/progessive-rock-en\/flame-dream-silent-transition-2-lp-gatefold-und-mit-zusaetzlichem-cover-mit-unterschriften-der-band\/\" \/>\n<meta property=\"og:locale\" content=\"en_US\" \/>\n<meta property=\"og:type\" content=\"article\" \/>\n<meta property=\"og:title\" content=\"Flame Dream - Silent Transition - 2 LP - Gatefold und mit zus\u00e4tzlichem Cover mit Unterschriften der Band! &#183; camporesi-records\" \/>\n<meta property=\"og:description\" content=\"Wir verkaufen Schallplatten aus vielen Bereichen wie: Rock, Pop, Progressiv, Psychedelic, The Waterboys \u2013 Fisherman&#039;s Blues\" \/>\n<meta property=\"og:url\" content=\"https:\/\/www.camporesi-records.ch\/en\/shop\/rock-en\/progessive-rock-en\/flame-dream-silent-transition-2-lp-gatefold-und-mit-zusaetzlichem-cover-mit-unterschriften-der-band\/\" \/>\n<meta property=\"og:site_name\" content=\"camporesi-records\" \/>\n<meta property=\"article:publisher\" content=\"https:\/\/www.facebook.com\/www.recordsale.ch\/\" \/>\n<meta property=\"article:modified_time\" content=\"2025-08-17T14:13:33+00:00\" \/>\n<meta property=\"og:image\" content=\"https:\/\/www.camporesi-records.ch\/wp-content\/uploads\/2025\/07\/DSCN4458.jpg\" \/>\n\t<meta property=\"og:image:width\" content=\"2272\" \/>\n\t<meta property=\"og:image:height\" content=\"1704\" \/>\n\t<meta property=\"og:image:type\" content=\"image\/jpeg\" \/>\n<meta name=\"twitter:card\" content=\"summary_large_image\" \/>\n<meta name=\"twitter:label1\" content=\"Est. reading time\" \/>\n\t<meta name=\"twitter:data1\" content=\"1 minute\" \/>\n<script type=\"application\/ld+json\" class=\"yoast-schema-graph\">{\"@context\":\"https:\\\/\\\/schema.org\",\"@graph\":[{\"@type\":\"WebPage\",\"@id\":\"https:\\\/\\\/www.camporesi-records.ch\\\/en\\\/shop\\\/rock-en\\\/progessive-rock-en\\\/flame-dream-silent-transition-2-lp-gatefold-und-mit-zusaetzlichem-cover-mit-unterschriften-der-band\\\/\",\"url\":\"https:\\\/\\\/www.camporesi-records.ch\\\/en\\\/shop\\\/rock-en\\\/progessive-rock-en\\\/flame-dream-silent-transition-2-lp-gatefold-und-mit-zusaetzlichem-cover-mit-unterschriften-der-band\\\/\",\"name\":\"Flame Dream - Silent Transition - 2 LP - Gatefold und mit zus\u00e4tzlichem Cover mit Unterschriften der Band! &#183; camporesi-records\",\"isPartOf\":{\"@id\":\"https:\\\/\\\/www.camporesi-records.ch\\\/en\\\/#website\"},\"primaryImageOfPage\":{\"@id\":\"https:\\\/\\\/www.camporesi-records.ch\\\/en\\\/shop\\\/rock-en\\\/progessive-rock-en\\\/flame-dream-silent-transition-2-lp-gatefold-und-mit-zusaetzlichem-cover-mit-unterschriften-der-band\\\/#primaryimage\"},\"image\":{\"@id\":\"https:\\\/\\\/www.camporesi-records.ch\\\/en\\\/shop\\\/rock-en\\\/progessive-rock-en\\\/flame-dream-silent-transition-2-lp-gatefold-und-mit-zusaetzlichem-cover-mit-unterschriften-der-band\\\/#primaryimage\"},\"thumbnailUrl\":\"https:\\\/\\\/www.camporesi-records.ch\\\/wp-content\\\/uploads\\\/2025\\\/07\\\/DSCN4458.jpg\",\"datePublished\":\"2025-04-25T17:35:19+00:00\",\"dateModified\":\"2025-08-17T14:13:33+00:00\",\"description\":\"Wir verkaufen Schallplatten aus vielen Bereichen wie: Rock, Pop, Progressiv, Psychedelic, The Waterboys \u2013 Fisherman's Blues\",\"breadcrumb\":{\"@id\":\"https:\\\/\\\/www.camporesi-records.ch\\\/en\\\/shop\\\/rock-en\\\/progessive-rock-en\\\/flame-dream-silent-transition-2-lp-gatefold-und-mit-zusaetzlichem-cover-mit-unterschriften-der-band\\\/#breadcrumb\"},\"inLanguage\":\"en-US\",\"potentialAction\":[{\"@type\":\"ReadAction\",\"target\":[\"https:\\\/\\\/www.camporesi-records.ch\\\/en\\\/shop\\\/rock-en\\\/progessive-rock-en\\\/flame-dream-silent-transition-2-lp-gatefold-und-mit-zusaetzlichem-cover-mit-unterschriften-der-band\\\/\"]}]},{\"@type\":\"ImageObject\",\"inLanguage\":\"en-US\",\"@id\":\"https:\\\/\\\/www.camporesi-records.ch\\\/en\\\/shop\\\/rock-en\\\/progessive-rock-en\\\/flame-dream-silent-transition-2-lp-gatefold-und-mit-zusaetzlichem-cover-mit-unterschriften-der-band\\\/#primaryimage\",\"url\":\"https:\\\/\\\/www.camporesi-records.ch\\\/wp-content\\\/uploads\\\/2025\\\/07\\\/DSCN4458.jpg\",\"contentUrl\":\"https:\\\/\\\/www.camporesi-records.ch\\\/wp-content\\\/uploads\\\/2025\\\/07\\\/DSCN4458.jpg\",\"width\":2272,\"height\":1704,\"caption\":\"Flame Dream - Silent Transition - 2 LP\"},{\"@type\":\"BreadcrumbList\",\"@id\":\"https:\\\/\\\/www.camporesi-records.ch\\\/en\\\/shop\\\/rock-en\\\/progessive-rock-en\\\/flame-dream-silent-transition-2-lp-gatefold-und-mit-zusaetzlichem-cover-mit-unterschriften-der-band\\\/#breadcrumb\",\"itemListElement\":[{\"@type\":\"ListItem\",\"position\":1,\"name\":\"Startseite\",\"item\":\"https:\\\/\\\/www.camporesi-records.ch\\\/en\\\/\"},{\"@type\":\"ListItem\",\"position\":2,\"name\":\"Shop\",\"item\":\"https:\\\/\\\/www.camporesi-records.ch\\\/shop\\\/?lang=en\"},{\"@type\":\"ListItem\",\"position\":3,\"name\":\"Flame Dream &#8211; Silent Transition &#8211; 2 LP &#8211; Gatefold und mit zus\u00e4tzlichem Cover mit Unterschriften der Band!\"}]},{\"@type\":\"WebSite\",\"@id\":\"https:\\\/\\\/www.camporesi-records.ch\\\/en\\\/#website\",\"url\":\"https:\\\/\\\/www.camporesi-records.ch\\\/en\\\/\",\"name\":\"camporesi-records\",\"description\":\"Schallplatten - Records - Vinyl\",\"publisher\":{\"@id\":\"https:\\\/\\\/www.camporesi-records.ch\\\/en\\\/#organization\"},\"potentialAction\":[{\"@type\":\"SearchAction\",\"target\":{\"@type\":\"EntryPoint\",\"urlTemplate\":\"https:\\\/\\\/www.camporesi-records.ch\\\/en\\\/?s={search_term_string}\"},\"query-input\":{\"@type\":\"PropertyValueSpecification\",\"valueRequired\":true,\"valueName\":\"search_term_string\"}}],\"inLanguage\":\"en-US\"},{\"@type\":\"Organization\",\"@id\":\"https:\\\/\\\/www.camporesi-records.ch\\\/en\\\/#organization\",\"name\":\"camporesi-records.ch\",\"url\":\"https:\\\/\\\/www.camporesi-records.ch\\\/en\\\/\",\"logo\":{\"@type\":\"ImageObject\",\"inLanguage\":\"en-US\",\"@id\":\"https:\\\/\\\/www.camporesi-records.ch\\\/en\\\/#\\\/schema\\\/logo\\\/image\\\/\",\"url\":\"https:\\\/\\\/www.camporesi-records.ch\\\/wp-content\\\/uploads\\\/2018\\\/10\\\/camporesi-logo-1-transparent-Kopie.jpg\",\"contentUrl\":\"https:\\\/\\\/www.camporesi-records.ch\\\/wp-content\\\/uploads\\\/2018\\\/10\\\/camporesi-logo-1-transparent-Kopie.jpg\",\"width\":666,\"height\":666,\"caption\":\"camporesi-records.ch\"},\"image\":{\"@id\":\"https:\\\/\\\/www.camporesi-records.ch\\\/en\\\/#\\\/schema\\\/logo\\\/image\\\/\"},\"sameAs\":[\"https:\\\/\\\/www.facebook.com\\\/www.recordsale.ch\\\/\"]}]}<\/script>\n<!-- \/ Yoast SEO plugin. -->","yoast_head_json":{"title":"Flame Dream - Silent Transition - 2 LP - Gatefold und mit zus\u00e4tzlichem Cover mit Unterschriften der Band! &#183; camporesi-records","description":"Wir verkaufen Schallplatten aus vielen Bereichen wie: Rock, Pop, Progressiv, Psychedelic, The Waterboys \u2013 Fisherman's Blues","robots":{"index":"index","follow":"follow","max-snippet":"max-snippet:-1","max-image-preview":"max-image-preview:large","max-video-preview":"max-video-preview:-1"},"canonical":"https:\/\/www.camporesi-records.ch\/en\/shop\/rock-en\/progessive-rock-en\/flame-dream-silent-transition-2-lp-gatefold-und-mit-zusaetzlichem-cover-mit-unterschriften-der-band\/","og_locale":"en_US","og_type":"article","og_title":"Flame Dream - Silent Transition - 2 LP - Gatefold und mit zus\u00e4tzlichem Cover mit Unterschriften der Band! &#183; camporesi-records","og_description":"Wir verkaufen Schallplatten aus vielen Bereichen wie: Rock, Pop, Progressiv, Psychedelic, The Waterboys \u2013 Fisherman's Blues","og_url":"https:\/\/www.camporesi-records.ch\/en\/shop\/rock-en\/progessive-rock-en\/flame-dream-silent-transition-2-lp-gatefold-und-mit-zusaetzlichem-cover-mit-unterschriften-der-band\/","og_site_name":"camporesi-records","article_publisher":"https:\/\/www.facebook.com\/www.recordsale.ch\/","article_modified_time":"2025-08-17T14:13:33+00:00","og_image":[{"width":2272,"height":1704,"url":"https:\/\/www.camporesi-records.ch\/wp-content\/uploads\/2025\/07\/DSCN4458.jpg","type":"image\/jpeg"}],"twitter_card":"summary_large_image","twitter_misc":{"Est. reading time":"1 minute"},"schema":{"@context":"https:\/\/schema.org","@graph":[{"@type":"WebPage","@id":"https:\/\/www.camporesi-records.ch\/en\/shop\/rock-en\/progessive-rock-en\/flame-dream-silent-transition-2-lp-gatefold-und-mit-zusaetzlichem-cover-mit-unterschriften-der-band\/","url":"https:\/\/www.camporesi-records.ch\/en\/shop\/rock-en\/progessive-rock-en\/flame-dream-silent-transition-2-lp-gatefold-und-mit-zusaetzlichem-cover-mit-unterschriften-der-band\/","name":"Flame Dream - Silent Transition - 2 LP - Gatefold und mit zus\u00e4tzlichem Cover mit Unterschriften der Band! &#183; camporesi-records","isPartOf":{"@id":"https:\/\/www.camporesi-records.ch\/en\/#website"},"primaryImageOfPage":{"@id":"https:\/\/www.camporesi-records.ch\/en\/shop\/rock-en\/progessive-rock-en\/flame-dream-silent-transition-2-lp-gatefold-und-mit-zusaetzlichem-cover-mit-unterschriften-der-band\/#primaryimage"},"image":{"@id":"https:\/\/www.camporesi-records.ch\/en\/shop\/rock-en\/progessive-rock-en\/flame-dream-silent-transition-2-lp-gatefold-und-mit-zusaetzlichem-cover-mit-unterschriften-der-band\/#primaryimage"},"thumbnailUrl":"https:\/\/www.camporesi-records.ch\/wp-content\/uploads\/2025\/07\/DSCN4458.jpg","datePublished":"2025-04-25T17:35:19+00:00","dateModified":"2025-08-17T14:13:33+00:00","description":"Wir verkaufen Schallplatten aus vielen Bereichen wie: Rock, Pop, Progressiv, Psychedelic, The Waterboys \u2013 Fisherman's Blues","breadcrumb":{"@id":"https:\/\/www.camporesi-records.ch\/en\/shop\/rock-en\/progessive-rock-en\/flame-dream-silent-transition-2-lp-gatefold-und-mit-zusaetzlichem-cover-mit-unterschriften-der-band\/#breadcrumb"},"inLanguage":"en-US","potentialAction":[{"@type":"ReadAction","target":["https:\/\/www.camporesi-records.ch\/en\/shop\/rock-en\/progessive-rock-en\/flame-dream-silent-transition-2-lp-gatefold-und-mit-zusaetzlichem-cover-mit-unterschriften-der-band\/"]}]},{"@type":"ImageObject","inLanguage":"en-US","@id":"https:\/\/www.camporesi-records.ch\/en\/shop\/rock-en\/progessive-rock-en\/flame-dream-silent-transition-2-lp-gatefold-und-mit-zusaetzlichem-cover-mit-unterschriften-der-band\/#primaryimage","url":"https:\/\/www.camporesi-records.ch\/wp-content\/uploads\/2025\/07\/DSCN4458.jpg","contentUrl":"https:\/\/www.camporesi-records.ch\/wp-content\/uploads\/2025\/07\/DSCN4458.jpg","width":2272,"height":1704,"caption":"Flame Dream - Silent Transition - 2 LP"},{"@type":"BreadcrumbList","@id":"https:\/\/www.camporesi-records.ch\/en\/shop\/rock-en\/progessive-rock-en\/flame-dream-silent-transition-2-lp-gatefold-und-mit-zusaetzlichem-cover-mit-unterschriften-der-band\/#breadcrumb","itemListElement":[{"@type":"ListItem","position":1,"name":"Startseite","item":"https:\/\/www.camporesi-records.ch\/en\/"},{"@type":"ListItem","position":2,"name":"Shop","item":"https:\/\/www.camporesi-records.ch\/shop\/?lang=en"},{"@type":"ListItem","position":3,"name":"Flame Dream &#8211; Silent Transition &#8211; 2 LP &#8211; Gatefold und mit zus\u00e4tzlichem Cover mit Unterschriften der Band!"}]},{"@type":"WebSite","@id":"https:\/\/www.camporesi-records.ch\/en\/#website","url":"https:\/\/www.camporesi-records.ch\/en\/","name":"camporesi-records","description":"Schallplatten - Records - Vinyl","publisher":{"@id":"https:\/\/www.camporesi-records.ch\/en\/#organization"},"potentialAction":[{"@type":"SearchAction","target":{"@type":"EntryPoint","urlTemplate":"https:\/\/www.camporesi-records.ch\/en\/?s={search_term_string}"},"query-input":{"@type":"PropertyValueSpecification","valueRequired":true,"valueName":"search_term_string"}}],"inLanguage":"en-US"},{"@type":"Organization","@id":"https:\/\/www.camporesi-records.ch\/en\/#organization","name":"camporesi-records.ch","url":"https:\/\/www.camporesi-records.ch\/en\/","logo":{"@type":"ImageObject","inLanguage":"en-US","@id":"https:\/\/www.camporesi-records.ch\/en\/#\/schema\/logo\/image\/","url":"https:\/\/www.camporesi-records.ch\/wp-content\/uploads\/2018\/10\/camporesi-logo-1-transparent-Kopie.jpg","contentUrl":"https:\/\/www.camporesi-records.ch\/wp-content\/uploads\/2018\/10\/camporesi-logo-1-transparent-Kopie.jpg","width":666,"height":666,"caption":"camporesi-records.ch"},"image":{"@id":"https:\/\/www.camporesi-records.ch\/en\/#\/schema\/logo\/image\/"},"sameAs":["https:\/\/www.facebook.com\/www.recordsale.ch\/"]}]}},"_links":{"self":[{"href":"https:\/\/www.camporesi-records.ch\/en\/wp-json\/wp\/v2\/product\/26465","targetHints":{"allow":["GET"]}}],"collection":[{"href":"https:\/\/www.camporesi-records.ch\/en\/wp-json\/wp\/v2\/product"}],"about":[{"href":"https:\/\/www.camporesi-records.ch\/en\/wp-json\/wp\/v2\/types\/product"}],"replies":[{"embeddable":true,"href":"https:\/\/www.camporesi-records.ch\/en\/wp-json\/wp\/v2\/comments?post=26465"}],"wp:featuredmedia":[{"embeddable":true,"href":"https:\/\/www.camporesi-records.ch\/en\/wp-json\/wp\/v2\/media\/26656"}],"wp:attachment":[{"href":"https:\/\/www.camporesi-records.ch\/en\/wp-json\/wp\/v2\/media?parent=26465"}],"wp:term":[{"taxonomy":"product_brand","embeddable":true,"href":"https:\/\/www.camporesi-records.ch\/en\/wp-json\/wp\/v2\/product_brand?post=26465"},{"taxonomy":"product_cat","embeddable":true,"href":"https:\/\/www.camporesi-records.ch\/en\/wp-json\/wp\/v2\/product_cat?post=26465"},{"taxonomy":"product_tag","embeddable":true,"href":"https:\/\/www.camporesi-records.ch\/en\/wp-json\/wp\/v2\/product_tag?post=26465"}],"curies":[{"name":"wp","href":"https:\/\/api.w.org\/{rel}","templated":true}]}}