{"id":9275,"date":"2018-12-01T15:06:47","date_gmt":"2018-12-01T14:06:47","guid":{"rendered":"https:\/\/www.camporesi-records.ch\/?page_id=9275"},"modified":"2018-12-12T13:30:58","modified_gmt":"2018-12-12T12:30:58","slug":"tonzonen-records","status":"publish","type":"page","link":"https:\/\/www.camporesi-records.ch\/en\/tonzonen-records\/","title":{"rendered":"Tonzonen Records"},"content":{"rendered":"<div class=\"entry-content\">\n<h3><strong>Tonzonen Information<\/strong><\/h3>\n<div class=\"CategoryList\">\n<div class=\"CategoryText\">\n<p>Tonzonen Records existiert seit 2012 und fungiert als kleines Independent-Label im gro\u00dfen Dschungel der Musikindustrie. Unser Ziel ist es, stilsichere und pr\u00e4gnante Musik jenseits des Mainstreams zu ver\u00f6ffentlichen.<\/p>\n<p>Alle Ver\u00f6ffentlichungen erscheinen als limitierte Editionen. Sie sind nicht nur Sammlerobjekt, sondern auch ein Statement musikalischer Vielfalt. Dabei setzen wir haupts\u00e4chlich auf die Ver\u00f6ffentlichung von High Quality Vinyl. Bei der Produktion arbeiten wir Hand in Hand mit den jeweiligen Musikern und\u00a0der Berliner Agentur Handle With Care. Die langj\u00e4hrige Erfahrung von HWC kommt dem reibungslosen Produktionsablauf zugute. Hergestellt werden die LP und CD Ver\u00f6ffentlichungen von Tonzonen Records ausschlie\u00dflich in Deutschland bei Optimal Records oder Pallas Group. Beide Presswerke z\u00e4hlen zu den besten in Europa. Dies spiegelt sich auch in der Reklamationsrate wider, diese liegt kontinuierlich bei unter 1%.<\/p>\n<\/div>\n<\/div>\n<h3><strong>Bands:<\/strong><\/h3>\n<p><strong>The Shadow Lizzards<\/strong><\/p>\n<p>The Shadow Lizzards aus N\u00fcrnberg ist\u00a0ein junges Powertrio, das wilde, ungez\u00fcgelte Rockmusik auf all jene losl\u00e4sst, die damit umzugehen wissen.<\/p>\n<p>Von Fans beschrieben als eine explosive Mischung aus Jimi Hendrix und The Doors, kann das allein nicht ann\u00e4hernd beschreiben, welch gewaltiges Feuerwerk sich auf der B\u00fchne auftut, w\u00e4hrend sie dreckig, knarzende Sounds auf die Menge loslassen. Dabei zeigen sie Kreativit\u00e4t, ohne jeglichen Kompromiss zuzulassen. Sie bestechen durch wechselnde Grooves und instrumentale Finesse. Wer die Truppe einmal live erlebt hat, riskiert Suchtgefahr, wenn man \u00fcbersch\u00fcttet wird mit energiegeladenen Soli und Improvisation die ihresgleichen sucht. Denn auf der B\u00fchne ist ihr wahres zu Hause.<\/p>\n<p>The Shadow Lizzard werden 2018 ihr Deb\u00fct-Album via Tonzonen Records ver\u00f6ffentlichen.<\/p>\n<p><strong>The Clouds Will Clear<\/strong><\/p>\n<p>The Clouds Will Clear ist eine instrumentale Post-Rock-Band aus Deutschland. Die vier Bandmitglieder (Angelo, Tobias, Gerold und Andreas) schaffen \u201ceinen Sound, der zwischen sattem Post-Rock, organischen Ambient und \u00e4therischen cinematischen Soundlandschaften mit einem Hauch von Electronica liegt.\u201d (Echoes and Dust)<\/p>\n<p>Ihrer EP aus dem Jahr 2014 folgt nun das Deb\u00fctalbum, das im Herbst 2018 ver\u00f6ffentlicht wird.<\/p>\n<p><strong>Uluru<\/strong><\/p>\n<p>Uluru is an Istanbul-based instrumental \/ psychedelic rock trio, formed to produce and experience new sounds and nuances through improvisation. They started their first recordings on September 2015 for the EP named \u201aDazed Hill\u2018, which is released on 17th of November 2015. Their second EP \u201aImaginary Sun\u2018 have been released 4 months later, on March 17. Uluru release their first vinyl 2016 via Tonzonen Records.<\/p>\n<p>They are working on new songs for a full LP which is planned to be released on 2017 Winter.<\/p>\n<p><strong>Indica<\/strong><\/p>\n<p>Indica was formed by Jayesh Talati in 2012 in the peaceful area of Tamborine Mountain in Queensland, Australia. Inspired by the sounds of Doom metal, Indica aimed to desolate the local music scene with their own brand of slow and heavy music, pulling influence from the psychedelic and spiritual undertones evident within the depths of the underground heavy sub-genres. Having undergone a few lineup changes since its inception, Indica, now with a steady formation, hopes to keep on developing their take on the classic sounds. Stone Future Hymns&lt; is Indica\u2019s first studio album, released February 4th 2016 digital and summer 2016 as limited edition vinyl via Tonzonen Records.<\/p>\n<\/div>\n","protected":false},"excerpt":{"rendered":"<p>Tonzonen Information Tonzonen Records existiert seit 2012 und fungiert als kleines Independent-Label im gro\u00dfen Dschungel der Musikindustrie. Unser Ziel ist es, stilsichere und pr\u00e4gnante Musik jenseits des Mainstreams zu ver\u00f6ffentlichen. Alle Ver\u00f6ffentlichungen erscheinen als limitierte Editionen. Sie sind nicht nur Sammlerobjekt, sondern auch ein Statement musikalischer Vielfalt. Dabei setzen wir haupts\u00e4chlich auf die Ver\u00f6ffentlichung von [&hellip;]<\/p>\n","protected":false},"author":1,"featured_media":0,"parent":0,"menu_order":0,"comment_status":"closed","ping_status":"closed","template":"","meta":{"footnotes":""},"class_list":["post-9275","page","type-page","status-publish","hentry"],"yoast_head":"<!-- This site is optimized with the Yoast SEO plugin v27.5 - https:\/\/yoast.com\/product\/yoast-seo-wordpress\/ -->\n<title>Tonzonen Records &#183; camporesi-records<\/title>\n<meta name=\"robots\" content=\"index, follow, max-snippet:-1, max-image-preview:large, max-video-preview:-1\" \/>\n<link rel=\"canonical\" href=\"https:\/\/www.camporesi-records.ch\/en\/tonzonen-records\/\" \/>\n<meta property=\"og:locale\" content=\"en_US\" \/>\n<meta property=\"og:type\" content=\"article\" \/>\n<meta property=\"og:title\" content=\"Tonzonen Records &#183; camporesi-records\" \/>\n<meta property=\"og:description\" content=\"Tonzonen Information Tonzonen Records existiert seit 2012 und fungiert als kleines Independent-Label im gro\u00dfen Dschungel der Musikindustrie. Unser Ziel ist es, stilsichere und pr\u00e4gnante Musik jenseits des Mainstreams zu ver\u00f6ffentlichen. Alle Ver\u00f6ffentlichungen erscheinen als limitierte Editionen. Sie sind nicht nur Sammlerobjekt, sondern auch ein Statement musikalischer Vielfalt. Dabei setzen wir haupts\u00e4chlich auf die Ver\u00f6ffentlichung von [&hellip;]\" \/>\n<meta property=\"og:url\" content=\"https:\/\/www.camporesi-records.ch\/en\/tonzonen-records\/\" \/>\n<meta property=\"og:site_name\" content=\"camporesi-records\" \/>\n<meta property=\"article:publisher\" content=\"https:\/\/www.facebook.com\/www.recordsale.ch\/\" \/>\n<meta property=\"article:modified_time\" content=\"2018-12-12T12:30:58+00:00\" \/>\n<meta name=\"twitter:card\" content=\"summary_large_image\" \/>\n<meta name=\"twitter:label1\" content=\"Est. reading time\" \/>\n\t<meta name=\"twitter:data1\" content=\"3 minutes\" \/>\n<script type=\"application\/ld+json\" class=\"yoast-schema-graph\">{\"@context\":\"https:\\\/\\\/schema.org\",\"@graph\":[{\"@type\":\"WebPage\",\"@id\":\"https:\\\/\\\/www.camporesi-records.ch\\\/en\\\/tonzonen-records\\\/\",\"url\":\"https:\\\/\\\/www.camporesi-records.ch\\\/en\\\/tonzonen-records\\\/\",\"name\":\"Tonzonen Records &#183; camporesi-records\",\"isPartOf\":{\"@id\":\"https:\\\/\\\/www.camporesi-records.ch\\\/en\\\/#website\"},\"datePublished\":\"2018-12-01T14:06:47+00:00\",\"dateModified\":\"2018-12-12T12:30:58+00:00\",\"breadcrumb\":{\"@id\":\"https:\\\/\\\/www.camporesi-records.ch\\\/en\\\/tonzonen-records\\\/#breadcrumb\"},\"inLanguage\":\"en-US\",\"potentialAction\":[{\"@type\":\"ReadAction\",\"target\":[\"https:\\\/\\\/www.camporesi-records.ch\\\/en\\\/tonzonen-records\\\/\"]}]},{\"@type\":\"BreadcrumbList\",\"@id\":\"https:\\\/\\\/www.camporesi-records.ch\\\/en\\\/tonzonen-records\\\/#breadcrumb\",\"itemListElement\":[{\"@type\":\"ListItem\",\"position\":1,\"name\":\"Startseite\",\"item\":\"https:\\\/\\\/www.camporesi-records.ch\\\/en\\\/\"},{\"@type\":\"ListItem\",\"position\":2,\"name\":\"Tonzonen Records\"}]},{\"@type\":\"WebSite\",\"@id\":\"https:\\\/\\\/www.camporesi-records.ch\\\/en\\\/#website\",\"url\":\"https:\\\/\\\/www.camporesi-records.ch\\\/en\\\/\",\"name\":\"camporesi-records\",\"description\":\"Schallplatten - Records - Vinyl\",\"publisher\":{\"@id\":\"https:\\\/\\\/www.camporesi-records.ch\\\/en\\\/#organization\"},\"potentialAction\":[{\"@type\":\"SearchAction\",\"target\":{\"@type\":\"EntryPoint\",\"urlTemplate\":\"https:\\\/\\\/www.camporesi-records.ch\\\/en\\\/?s={search_term_string}\"},\"query-input\":{\"@type\":\"PropertyValueSpecification\",\"valueRequired\":true,\"valueName\":\"search_term_string\"}}],\"inLanguage\":\"en-US\"},{\"@type\":\"Organization\",\"@id\":\"https:\\\/\\\/www.camporesi-records.ch\\\/en\\\/#organization\",\"name\":\"camporesi-records.ch\",\"url\":\"https:\\\/\\\/www.camporesi-records.ch\\\/en\\\/\",\"logo\":{\"@type\":\"ImageObject\",\"inLanguage\":\"en-US\",\"@id\":\"https:\\\/\\\/www.camporesi-records.ch\\\/en\\\/#\\\/schema\\\/logo\\\/image\\\/\",\"url\":\"https:\\\/\\\/www.camporesi-records.ch\\\/wp-content\\\/uploads\\\/2018\\\/10\\\/camporesi-logo-1-transparent-Kopie.jpg\",\"contentUrl\":\"https:\\\/\\\/www.camporesi-records.ch\\\/wp-content\\\/uploads\\\/2018\\\/10\\\/camporesi-logo-1-transparent-Kopie.jpg\",\"width\":666,\"height\":666,\"caption\":\"camporesi-records.ch\"},\"image\":{\"@id\":\"https:\\\/\\\/www.camporesi-records.ch\\\/en\\\/#\\\/schema\\\/logo\\\/image\\\/\"},\"sameAs\":[\"https:\\\/\\\/www.facebook.com\\\/www.recordsale.ch\\\/\"]}]}<\/script>\n<!-- \/ Yoast SEO plugin. -->","yoast_head_json":{"title":"Tonzonen Records &#183; camporesi-records","robots":{"index":"index","follow":"follow","max-snippet":"max-snippet:-1","max-image-preview":"max-image-preview:large","max-video-preview":"max-video-preview:-1"},"canonical":"https:\/\/www.camporesi-records.ch\/en\/tonzonen-records\/","og_locale":"en_US","og_type":"article","og_title":"Tonzonen Records &#183; camporesi-records","og_description":"Tonzonen Information Tonzonen Records existiert seit 2012 und fungiert als kleines Independent-Label im gro\u00dfen Dschungel der Musikindustrie. Unser Ziel ist es, stilsichere und pr\u00e4gnante Musik jenseits des Mainstreams zu ver\u00f6ffentlichen. Alle Ver\u00f6ffentlichungen erscheinen als limitierte Editionen. Sie sind nicht nur Sammlerobjekt, sondern auch ein Statement musikalischer Vielfalt. Dabei setzen wir haupts\u00e4chlich auf die Ver\u00f6ffentlichung von [&hellip;]","og_url":"https:\/\/www.camporesi-records.ch\/en\/tonzonen-records\/","og_site_name":"camporesi-records","article_publisher":"https:\/\/www.facebook.com\/www.recordsale.ch\/","article_modified_time":"2018-12-12T12:30:58+00:00","twitter_card":"summary_large_image","twitter_misc":{"Est. reading time":"3 minutes"},"schema":{"@context":"https:\/\/schema.org","@graph":[{"@type":"WebPage","@id":"https:\/\/www.camporesi-records.ch\/en\/tonzonen-records\/","url":"https:\/\/www.camporesi-records.ch\/en\/tonzonen-records\/","name":"Tonzonen Records &#183; camporesi-records","isPartOf":{"@id":"https:\/\/www.camporesi-records.ch\/en\/#website"},"datePublished":"2018-12-01T14:06:47+00:00","dateModified":"2018-12-12T12:30:58+00:00","breadcrumb":{"@id":"https:\/\/www.camporesi-records.ch\/en\/tonzonen-records\/#breadcrumb"},"inLanguage":"en-US","potentialAction":[{"@type":"ReadAction","target":["https:\/\/www.camporesi-records.ch\/en\/tonzonen-records\/"]}]},{"@type":"BreadcrumbList","@id":"https:\/\/www.camporesi-records.ch\/en\/tonzonen-records\/#breadcrumb","itemListElement":[{"@type":"ListItem","position":1,"name":"Startseite","item":"https:\/\/www.camporesi-records.ch\/en\/"},{"@type":"ListItem","position":2,"name":"Tonzonen Records"}]},{"@type":"WebSite","@id":"https:\/\/www.camporesi-records.ch\/en\/#website","url":"https:\/\/www.camporesi-records.ch\/en\/","name":"camporesi-records","description":"Schallplatten - Records - Vinyl","publisher":{"@id":"https:\/\/www.camporesi-records.ch\/en\/#organization"},"potentialAction":[{"@type":"SearchAction","target":{"@type":"EntryPoint","urlTemplate":"https:\/\/www.camporesi-records.ch\/en\/?s={search_term_string}"},"query-input":{"@type":"PropertyValueSpecification","valueRequired":true,"valueName":"search_term_string"}}],"inLanguage":"en-US"},{"@type":"Organization","@id":"https:\/\/www.camporesi-records.ch\/en\/#organization","name":"camporesi-records.ch","url":"https:\/\/www.camporesi-records.ch\/en\/","logo":{"@type":"ImageObject","inLanguage":"en-US","@id":"https:\/\/www.camporesi-records.ch\/en\/#\/schema\/logo\/image\/","url":"https:\/\/www.camporesi-records.ch\/wp-content\/uploads\/2018\/10\/camporesi-logo-1-transparent-Kopie.jpg","contentUrl":"https:\/\/www.camporesi-records.ch\/wp-content\/uploads\/2018\/10\/camporesi-logo-1-transparent-Kopie.jpg","width":666,"height":666,"caption":"camporesi-records.ch"},"image":{"@id":"https:\/\/www.camporesi-records.ch\/en\/#\/schema\/logo\/image\/"},"sameAs":["https:\/\/www.facebook.com\/www.recordsale.ch\/"]}]}},"_links":{"self":[{"href":"https:\/\/www.camporesi-records.ch\/en\/wp-json\/wp\/v2\/pages\/9275","targetHints":{"allow":["GET"]}}],"collection":[{"href":"https:\/\/www.camporesi-records.ch\/en\/wp-json\/wp\/v2\/pages"}],"about":[{"href":"https:\/\/www.camporesi-records.ch\/en\/wp-json\/wp\/v2\/types\/page"}],"author":[{"embeddable":true,"href":"https:\/\/www.camporesi-records.ch\/en\/wp-json\/wp\/v2\/users\/1"}],"replies":[{"embeddable":true,"href":"https:\/\/www.camporesi-records.ch\/en\/wp-json\/wp\/v2\/comments?post=9275"}],"version-history":[{"count":3,"href":"https:\/\/www.camporesi-records.ch\/en\/wp-json\/wp\/v2\/pages\/9275\/revisions"}],"predecessor-version":[{"id":9405,"href":"https:\/\/www.camporesi-records.ch\/en\/wp-json\/wp\/v2\/pages\/9275\/revisions\/9405"}],"wp:attachment":[{"href":"https:\/\/www.camporesi-records.ch\/en\/wp-json\/wp\/v2\/media?parent=9275"}],"curies":[{"name":"wp","href":"https:\/\/api.w.org\/{rel}","templated":true}]}}